{"id":1666,"date":"2025-04-27T20:26:01","date_gmt":"2025-04-27T20:26:01","guid":{"rendered":"https:\/\/mujernova.es\/rmn\/?page_id=1666"},"modified":"2025-04-27T20:33:04","modified_gmt":"2025-04-27T20:33:04","slug":"presentaciones","status":"publish","type":"page","link":"https:\/\/mujernova.es\/rmn\/presentaciones\/","title":{"rendered":"Presentaciones"},"content":{"rendered":"\t\t<div data-elementor-type=\"wp-page\" data-elementor-id=\"1666\" class=\"elementor elementor-1666\">\n\t\t\t\t\t\t<section class=\"elementor-section elementor-top-section elementor-element elementor-element-ea3f282 elementor-section-boxed elementor-section-height-default elementor-section-height-default\" data-id=\"ea3f282\" data-element_type=\"section\" data-e-type=\"section\">\n\t\t\t\t\t\t<div class=\"elementor-container elementor-column-gap-default\">\n\t\t\t\t\t<div class=\"elementor-column elementor-col-100 elementor-top-column elementor-element elementor-element-a616293\" data-id=\"a616293\" data-element_type=\"column\" data-e-type=\"column\">\n\t\t\t<div class=\"elementor-widget-wrap elementor-element-populated\">\n\t\t\t\t\t\t<div class=\"elementor-element elementor-element-1bdda9b elementor-widget elementor-widget-spacer\" data-id=\"1bdda9b\" data-element_type=\"widget\" data-e-type=\"widget\" data-widget_type=\"spacer.default\">\n\t\t\t\t<div class=\"elementor-widget-container\">\n\t\t\t\t\t\t\t<div class=\"elementor-spacer\">\n\t\t\t<div class=\"elementor-spacer-inner\"><\/div>\n\t\t<\/div>\n\t\t\t\t\t\t<\/div>\n\t\t\t\t<\/div>\n\t\t\t\t<div class=\"elementor-element elementor-element-8280270 elementor-widget elementor-widget-heading\" data-id=\"8280270\" data-element_type=\"widget\" data-e-type=\"widget\" data-widget_type=\"heading.default\">\n\t\t\t\t<div class=\"elementor-widget-container\">\n\t\t\t\t\t<h2 class=\"elementor-heading-title elementor-size-default\">29\/04\/2025 IES VALDELGRANA<\/h2>\t\t\t\t<\/div>\n\t\t\t\t<\/div>\n\t\t\t\t<div class=\"elementor-element elementor-element-c550dd9 elementor-widget elementor-widget-button\" data-id=\"c550dd9\" data-element_type=\"widget\" data-e-type=\"widget\" data-widget_type=\"button.default\">\n\t\t\t\t<div class=\"elementor-widget-container\">\n\t\t\t\t\t\t\t\t\t<div class=\"elementor-button-wrapper\">\n\t\t\t\t\t<a class=\"elementor-button elementor-button-link elementor-size-sm\" href=\"https:\/\/mujernova-my.sharepoint.com\/:p:\/g\/personal\/laly_mujernova_onmicrosoft_com\/ESqVCc0IEZBLsXI7gMxQge0BJjXsmaU59RAsngNpqIvRaA?e=pC09VU\" target=\"_blank\">\n\t\t\t\t\t\t<span class=\"elementor-button-content-wrapper\">\n\t\t\t\t\t\t\t\t\t<span class=\"elementor-button-text\">Nutrici\u00f3n Divertida en un bocado<\/span>\n\t\t\t\t\t<\/span>\n\t\t\t\t\t<\/a>\n\t\t\t\t<\/div>\n\t\t\t\t\t\t\t\t<\/div>\n\t\t\t\t<\/div>\n\t\t\t\t<div class=\"elementor-element elementor-element-900d83a elementor-widget elementor-widget-button\" data-id=\"900d83a\" data-element_type=\"widget\" data-e-type=\"widget\" data-widget_type=\"button.default\">\n\t\t\t\t<div class=\"elementor-widget-container\">\n\t\t\t\t\t\t\t\t\t<div class=\"elementor-button-wrapper\">\n\t\t\t\t\t<a class=\"elementor-button elementor-button-link elementor-size-sm\" href=\"https:\/\/mujernova-my.sharepoint.com\/:p:\/g\/personal\/laly_mujernova_onmicrosoft_com\/EYxdGbDpKeNFh99Pv_MQrSoBWAo1rPOT4YLRt3rMkaapRA?e=vr603P\">\n\t\t\t\t\t\t<span class=\"elementor-button-content-wrapper\">\n\t\t\t\t\t\t\t\t\t<span class=\"elementor-button-text\">El Peligro de los Ultraprocesados<\/span>\n\t\t\t\t\t<\/span>\n\t\t\t\t\t<\/a>\n\t\t\t\t<\/div>\n\t\t\t\t\t\t\t\t<\/div>\n\t\t\t\t<\/div>\n\t\t\t\t<div class=\"elementor-element elementor-element-2b26551 elementor-widget elementor-widget-button\" data-id=\"2b26551\" data-element_type=\"widget\" data-e-type=\"widget\" data-widget_type=\"button.default\">\n\t\t\t\t<div class=\"elementor-widget-container\">\n\t\t\t\t\t\t\t\t\t<div class=\"elementor-button-wrapper\">\n\t\t\t\t\t<a class=\"elementor-button elementor-button-link elementor-size-sm\" href=\"https:\/\/mujernova-my.sharepoint.com\/:p:\/g\/personal\/laly_mujernova_onmicrosoft_com\/EfKa1bwcOhJIieaaGjay_uYBYOz0edHolt5tfUvfoPv7ig?e=LyBb6M\">\n\t\t\t\t\t\t<span class=\"elementor-button-content-wrapper\">\n\t\t\t\t\t\t\t\t\t<span class=\"elementor-button-text\">Az\u00facar El Enemigo Invisible<\/span>\n\t\t\t\t\t<\/span>\n\t\t\t\t\t<\/a>\n\t\t\t\t<\/div>\n\t\t\t\t\t\t\t\t<\/div>\n\t\t\t\t<\/div>\n\t\t\t\t\t<\/div>\n\t\t<\/div>\n\t\t\t\t\t<\/div>\n\t\t<\/section>\n\t\t\t\t<\/div>\n\t\t","protected":false},"excerpt":{"rendered":"<p>29\/04\/2025 IES VALDELGRANA Nutrici\u00f3n Divertida en un bocado El Peligro de los Ultraprocesados Az\u00facar El Enemigo Invisible<\/p>\n","protected":false},"author":2,"featured_media":0,"parent":0,"menu_order":0,"comment_status":"closed","ping_status":"closed","template":"","meta":{"site-sidebar-layout":"no-sidebar","site-content-layout":"page-builder","ast-site-content-layout":"full-width-container","site-content-style":"default","site-sidebar-style":"default","ast-global-header-display":"","ast-banner-title-visibility":"","ast-main-header-display":"","ast-hfb-above-header-display":"","ast-hfb-below-header-display":"","ast-hfb-mobile-header-display":"","site-post-title":"disabled","ast-breadcrumbs-content":"","ast-featured-img":"disabled","footer-sml-layout":"","theme-transparent-header-meta":"","adv-header-id-meta":"","stick-header-meta":"","header-above-stick-meta":"","header-main-stick-meta":"","header-below-stick-meta":"","astra-migrate-meta-layouts":"set","ast-page-background-enabled":"default","ast-page-background-meta":{"desktop":{"background-color":"var(--ast-global-color-4)","background-image":"","background-repeat":"repeat","background-position":"center center","background-size":"auto","background-attachment":"scroll","background-type":"","background-media":"","overlay-type":"","overlay-color":"","overlay-opacity":"","overlay-gradient":""},"tablet":{"background-color":"","background-image":"","background-repeat":"repeat","background-position":"center center","background-size":"auto","background-attachment":"scroll","background-type":"","background-media":"","overlay-type":"","overlay-color":"","overlay-opacity":"","overlay-gradient":""},"mobile":{"background-color":"","background-image":"","background-repeat":"repeat","background-position":"center center","background-size":"auto","background-attachment":"scroll","background-type":"","background-media":"","overlay-type":"","overlay-color":"","overlay-opacity":"","overlay-gradient":""}},"ast-content-background-meta":{"desktop":{"background-color":"var(--ast-global-color-5)","background-image":"","background-repeat":"repeat","background-position":"center center","background-size":"auto","background-attachment":"scroll","background-type":"","background-media":"","overlay-type":"","overlay-color":"","overlay-opacity":"","overlay-gradient":""},"tablet":{"background-color":"var(--ast-global-color-5)","background-image":"","background-repeat":"repeat","background-position":"center center","background-size":"auto","background-attachment":"scroll","background-type":"","background-media":"","overlay-type":"","overlay-color":"","overlay-opacity":"","overlay-gradient":""},"mobile":{"background-color":"var(--ast-global-color-5)","background-image":"","background-repeat":"repeat","background-position":"center center","background-size":"auto","background-attachment":"scroll","background-type":"","background-media":"","overlay-type":"","overlay-color":"","overlay-opacity":"","overlay-gradient":""}},"footnotes":""},"class_list":["post-1666","page","type-page","status-publish","hentry"],"yoast_head":"<!-- This site is optimized with the Yoast SEO plugin v25.9 - https:\/\/yoast.com\/wordpress\/plugins\/seo\/ -->\n<title>Presentaciones - mujernova<\/title>\n<meta name=\"robots\" content=\"index, follow, max-snippet:-1, max-image-preview:large, max-video-preview:-1\" \/>\n<link rel=\"canonical\" href=\"https:\/\/mujernova.es\/rmn\/presentaciones\/\" \/>\n<meta property=\"og:locale\" content=\"es_ES\" \/>\n<meta property=\"og:type\" content=\"article\" \/>\n<meta property=\"og:title\" content=\"Presentaciones - mujernova\" \/>\n<meta property=\"og:description\" content=\"29\/04\/2025 IES VALDELGRANA Nutrici\u00f3n Divertida en un bocado El Peligro de los Ultraprocesados Az\u00facar El Enemigo Invisible\" \/>\n<meta property=\"og:url\" content=\"https:\/\/mujernova.es\/rmn\/presentaciones\/\" \/>\n<meta property=\"og:site_name\" content=\"mujernova\" \/>\n<meta property=\"article:modified_time\" content=\"2025-04-27T20:33:04+00:00\" \/>\n<meta name=\"twitter:card\" content=\"summary_large_image\" \/>\n<meta name=\"twitter:label1\" content=\"Tiempo de lectura\" \/>\n\t<meta name=\"twitter:data1\" content=\"1 minuto\" \/>\n<script type=\"application\/ld+json\" class=\"yoast-schema-graph\">{\"@context\":\"https:\/\/schema.org\",\"@graph\":[{\"@type\":\"WebPage\",\"@id\":\"https:\/\/mujernova.es\/rmn\/presentaciones\/\",\"url\":\"https:\/\/mujernova.es\/rmn\/presentaciones\/\",\"name\":\"Presentaciones - mujernova\",\"isPartOf\":{\"@id\":\"https:\/\/mujernova.es\/rmn\/#website\"},\"datePublished\":\"2025-04-27T20:26:01+00:00\",\"dateModified\":\"2025-04-27T20:33:04+00:00\",\"breadcrumb\":{\"@id\":\"https:\/\/mujernova.es\/rmn\/presentaciones\/#breadcrumb\"},\"inLanguage\":\"es\",\"potentialAction\":[{\"@type\":\"ReadAction\",\"target\":[\"https:\/\/mujernova.es\/rmn\/presentaciones\/\"]}]},{\"@type\":\"BreadcrumbList\",\"@id\":\"https:\/\/mujernova.es\/rmn\/presentaciones\/#breadcrumb\",\"itemListElement\":[{\"@type\":\"ListItem\",\"position\":1,\"name\":\"Portada\",\"item\":\"https:\/\/mujernova.es\/rmn\/\"},{\"@type\":\"ListItem\",\"position\":2,\"name\":\"Presentaciones\"}]},{\"@type\":\"WebSite\",\"@id\":\"https:\/\/mujernova.es\/rmn\/#website\",\"url\":\"https:\/\/mujernova.es\/rmn\/\",\"name\":\"mujernova\",\"description\":\"Centro de Bienestar Integral: Servicios de Educaci\u00f3n Nutricional, Psicolog\u00eda, Entrenamiento Terap\u00e9utico,  Coach y Gesti\u00f3n Emocional \",\"publisher\":{\"@id\":\"https:\/\/mujernova.es\/rmn\/#organization\"},\"potentialAction\":[{\"@type\":\"SearchAction\",\"target\":{\"@type\":\"EntryPoint\",\"urlTemplate\":\"https:\/\/mujernova.es\/rmn\/?s={search_term_string}\"},\"query-input\":{\"@type\":\"PropertyValueSpecification\",\"valueRequired\":true,\"valueName\":\"search_term_string\"}}],\"inLanguage\":\"es\"},{\"@type\":\"Organization\",\"@id\":\"https:\/\/mujernova.es\/rmn\/#organization\",\"name\":\"mujernova\",\"url\":\"https:\/\/mujernova.es\/rmn\/\",\"logo\":{\"@type\":\"ImageObject\",\"inLanguage\":\"es\",\"@id\":\"https:\/\/mujernova.es\/rmn\/#\/schema\/logo\/image\/\",\"url\":\"https:\/\/mujernova.es\/rmn\/wp-content\/uploads\/2020\/12\/logonombreregistro3-transp.jpg\",\"contentUrl\":\"https:\/\/mujernova.es\/rmn\/wp-content\/uploads\/2020\/12\/logonombreregistro3-transp.jpg\",\"width\":900,\"height\":162,\"caption\":\"mujernova\"},\"image\":{\"@id\":\"https:\/\/mujernova.es\/rmn\/#\/schema\/logo\/image\/\"}}]}<\/script>\n<!-- \/ Yoast SEO plugin. -->","yoast_head_json":{"title":"Presentaciones - mujernova","robots":{"index":"index","follow":"follow","max-snippet":"max-snippet:-1","max-image-preview":"max-image-preview:large","max-video-preview":"max-video-preview:-1"},"canonical":"https:\/\/mujernova.es\/rmn\/presentaciones\/","og_locale":"es_ES","og_type":"article","og_title":"Presentaciones - mujernova","og_description":"29\/04\/2025 IES VALDELGRANA Nutrici\u00f3n Divertida en un bocado El Peligro de los Ultraprocesados Az\u00facar El Enemigo Invisible","og_url":"https:\/\/mujernova.es\/rmn\/presentaciones\/","og_site_name":"mujernova","article_modified_time":"2025-04-27T20:33:04+00:00","twitter_card":"summary_large_image","twitter_misc":{"Tiempo de lectura":"1 minuto"},"schema":{"@context":"https:\/\/schema.org","@graph":[{"@type":"WebPage","@id":"https:\/\/mujernova.es\/rmn\/presentaciones\/","url":"https:\/\/mujernova.es\/rmn\/presentaciones\/","name":"Presentaciones - mujernova","isPartOf":{"@id":"https:\/\/mujernova.es\/rmn\/#website"},"datePublished":"2025-04-27T20:26:01+00:00","dateModified":"2025-04-27T20:33:04+00:00","breadcrumb":{"@id":"https:\/\/mujernova.es\/rmn\/presentaciones\/#breadcrumb"},"inLanguage":"es","potentialAction":[{"@type":"ReadAction","target":["https:\/\/mujernova.es\/rmn\/presentaciones\/"]}]},{"@type":"BreadcrumbList","@id":"https:\/\/mujernova.es\/rmn\/presentaciones\/#breadcrumb","itemListElement":[{"@type":"ListItem","position":1,"name":"Portada","item":"https:\/\/mujernova.es\/rmn\/"},{"@type":"ListItem","position":2,"name":"Presentaciones"}]},{"@type":"WebSite","@id":"https:\/\/mujernova.es\/rmn\/#website","url":"https:\/\/mujernova.es\/rmn\/","name":"mujernova","description":"Centro de Bienestar Integral: Servicios de Educaci\u00f3n Nutricional, Psicolog\u00eda, Entrenamiento Terap\u00e9utico,  Coach y Gesti\u00f3n Emocional ","publisher":{"@id":"https:\/\/mujernova.es\/rmn\/#organization"},"potentialAction":[{"@type":"SearchAction","target":{"@type":"EntryPoint","urlTemplate":"https:\/\/mujernova.es\/rmn\/?s={search_term_string}"},"query-input":{"@type":"PropertyValueSpecification","valueRequired":true,"valueName":"search_term_string"}}],"inLanguage":"es"},{"@type":"Organization","@id":"https:\/\/mujernova.es\/rmn\/#organization","name":"mujernova","url":"https:\/\/mujernova.es\/rmn\/","logo":{"@type":"ImageObject","inLanguage":"es","@id":"https:\/\/mujernova.es\/rmn\/#\/schema\/logo\/image\/","url":"https:\/\/mujernova.es\/rmn\/wp-content\/uploads\/2020\/12\/logonombreregistro3-transp.jpg","contentUrl":"https:\/\/mujernova.es\/rmn\/wp-content\/uploads\/2020\/12\/logonombreregistro3-transp.jpg","width":900,"height":162,"caption":"mujernova"},"image":{"@id":"https:\/\/mujernova.es\/rmn\/#\/schema\/logo\/image\/"}}]}},"_links":{"self":[{"href":"https:\/\/mujernova.es\/rmn\/wp-json\/wp\/v2\/pages\/1666","targetHints":{"allow":["GET"]}}],"collection":[{"href":"https:\/\/mujernova.es\/rmn\/wp-json\/wp\/v2\/pages"}],"about":[{"href":"https:\/\/mujernova.es\/rmn\/wp-json\/wp\/v2\/types\/page"}],"author":[{"embeddable":true,"href":"https:\/\/mujernova.es\/rmn\/wp-json\/wp\/v2\/users\/2"}],"replies":[{"embeddable":true,"href":"https:\/\/mujernova.es\/rmn\/wp-json\/wp\/v2\/comments?post=1666"}],"version-history":[{"count":13,"href":"https:\/\/mujernova.es\/rmn\/wp-json\/wp\/v2\/pages\/1666\/revisions"}],"predecessor-version":[{"id":1680,"href":"https:\/\/mujernova.es\/rmn\/wp-json\/wp\/v2\/pages\/1666\/revisions\/1680"}],"wp:attachment":[{"href":"https:\/\/mujernova.es\/rmn\/wp-json\/wp\/v2\/media?parent=1666"}],"curies":[{"name":"wp","href":"https:\/\/api.w.org\/{rel}","templated":true}]}}